{"id":6689,"date":"2026-02-11T10:41:44","date_gmt":"2026-02-11T15:41:44","guid":{"rendered":"https:\/\/golfvalmorin.com\/partenaires-golf\/"},"modified":"2026-03-18T10:29:40","modified_gmt":"2026-03-18T14:29:40","slug":"golf-partners","status":"publish","type":"page","link":"https:\/\/golfvalmorin.com\/en\/golf-partners\/","title":{"rendered":"Partners"},"content":{"rendered":"\t\t<div data-elementor-type=\"wp-page\" data-elementor-id=\"6689\" class=\"elementor elementor-6689 elementor-650\" data-elementor-post-type=\"page\">\n\t\t\t\t<div class=\"elementor-element elementor-element-b13ae67 e-flex e-con-boxed e-con e-parent\" data-id=\"b13ae67\" data-element_type=\"container\" data-settings=\"{&quot;background_background&quot;:&quot;classic&quot;}\">\n\t\t\t\t\t<div class=\"e-con-inner\">\n\t\t\t\t\t<\/div>\n\t\t\t\t<\/div>\n\t\t<div class=\"elementor-element elementor-element-9e50c8c e-flex e-con-boxed e-con e-parent\" data-id=\"9e50c8c\" data-element_type=\"container\">\n\t\t\t\t\t<div class=\"e-con-inner\">\n\t\t<div class=\"elementor-element elementor-element-2bb0a78 e-con-full e-flex e-con e-child\" data-id=\"2bb0a78\" data-element_type=\"container\" data-settings=\"{&quot;background_background&quot;:&quot;classic&quot;}\">\n\t\t\t\t<div class=\"elementor-element elementor-element-3f51f22 dm-heading2 elementor-widget-mobile_extra__width-inherit elementor-widget elementor-widget-heading\" data-id=\"3f51f22\" data-element_type=\"widget\" data-widget_type=\"heading.default\">\n\t\t\t\t\t<h2 class=\"elementor-heading-title elementor-size-default\">Partners of <i> Val\u2011Morin Golf Club <\/i><\/h2>\t\t\t\t<\/div>\n\t\t<div class=\"elementor-element elementor-element-6633a6d e-con-full e-flex e-con e-child\" data-id=\"6633a6d\" data-element_type=\"container\">\n\t\t\t\t<div class=\"elementor-element elementor-element-8f8114d elementor-widget elementor-widget-image\" data-id=\"8f8114d\" data-element_type=\"widget\" data-widget_type=\"image.default\">\n\t\t\t\t\t\t\t\t\t\t\t\t\t\t\t<img loading=\"lazy\" decoding=\"async\" width=\"300\" height=\"141\" src=\"https:\/\/golfvalmorin.com\/wp-content\/uploads\/2026\/02\/construction-cml.jpg\" class=\"attachment-large size-large wp-image-6692\" alt=\"\" title=\"\">\t\t\t\t\t\t\t\t\t\t\t\t\t\t\t<\/div>\n\t\t\t\t<div class=\"elementor-element elementor-element-af0adf3 elementor-widget elementor-widget-image\" data-id=\"af0adf3\" data-element_type=\"widget\" data-widget_type=\"image.default\">\n\t\t\t\t\t\t\t\t\t\t\t\t\t\t\t<img loading=\"lazy\" decoding=\"async\" width=\"300\" height=\"141\" src=\"https:\/\/golfvalmorin.com\/wp-content\/uploads\/2026\/02\/desormeaux.jpg\" class=\"attachment-large size-large wp-image-6693\" alt=\"\" title=\"\">\t\t\t\t\t\t\t\t\t\t\t\t\t\t\t<\/div>\n\t\t\t\t<div class=\"elementor-element elementor-element-d89240e elementor-widget elementor-widget-image\" data-id=\"d89240e\" data-element_type=\"widget\" data-widget_type=\"image.default\">\n\t\t\t\t\t\t\t\t\t\t\t\t\t\t\t<img loading=\"lazy\" decoding=\"async\" width=\"300\" height=\"141\" src=\"https:\/\/golfvalmorin.com\/wp-content\/uploads\/2026\/02\/logo-laurence.jpg\" class=\"attachment-large size-large wp-image-6690\" alt=\"\" title=\"\">\t\t\t\t\t\t\t\t\t\t\t\t\t\t\t<\/div>\n\t\t\t\t<div class=\"elementor-element elementor-element-4a52b98 elementor-widget elementor-widget-image\" data-id=\"4a52b98\" data-element_type=\"widget\" data-widget_type=\"image.default\">\n\t\t\t\t\t\t\t\t\t\t\t\t\t\t\t<img loading=\"lazy\" decoding=\"async\" width=\"300\" height=\"141\" src=\"https:\/\/golfvalmorin.com\/wp-content\/uploads\/2026\/02\/octantis.jpg\" class=\"attachment-large size-large wp-image-6694\" alt=\"\" title=\"\">\t\t\t\t\t\t\t\t\t\t\t\t\t\t\t<\/div>\n\t\t\t\t<\/div>\n\t\t<div class=\"elementor-element elementor-element-43ec23d e-con-full e-flex e-con e-child\" data-id=\"43ec23d\" data-element_type=\"container\">\n\t\t\t\t<div class=\"elementor-element elementor-element-2d0241e elementor-widget elementor-widget-image\" data-id=\"2d0241e\" data-element_type=\"widget\" data-widget_type=\"image.default\">\n\t\t\t\t\t\t\t\t\t\t\t\t\t\t\t<img loading=\"lazy\" decoding=\"async\" width=\"300\" height=\"141\" src=\"https:\/\/golfvalmorin.com\/wp-content\/uploads\/2026\/02\/a-et-r-logo.jpg\" class=\"attachment-large size-large wp-image-6695\" alt=\"\" title=\"\">\t\t\t\t\t\t\t\t\t\t\t\t\t\t\t<\/div>\n\t\t\t\t<div class=\"elementor-element elementor-element-d762452 elementor-widget elementor-widget-image\" data-id=\"d762452\" data-element_type=\"widget\" data-widget_type=\"image.default\">\n\t\t\t\t\t\t\t\t\t\t\t\t\t\t\t<img loading=\"lazy\" decoding=\"async\" width=\"300\" height=\"141\" src=\"https:\/\/golfvalmorin.com\/wp-content\/uploads\/2026\/02\/financiere-et-groupe-conseil-jutras-poissant.jpg\" class=\"attachment-large size-large wp-image-6696\" alt=\"\" title=\"\">\t\t\t\t\t\t\t\t\t\t\t\t\t\t\t<\/div>\n\t\t\t\t<div class=\"elementor-element elementor-element-2ea291b elementor-widget elementor-widget-image\" data-id=\"2ea291b\" data-element_type=\"widget\" data-widget_type=\"image.default\">\n\t\t\t\t\t\t\t\t\t\t\t\t\t\t\t<img loading=\"lazy\" decoding=\"async\" width=\"300\" height=\"141\" src=\"https:\/\/golfvalmorin.com\/wp-content\/uploads\/2026\/02\/marce-val-morin-epicerie-depanneur.jpg\" class=\"attachment-large size-large wp-image-6697\" alt=\"\" title=\"\">\t\t\t\t\t\t\t\t\t\t\t\t\t\t\t<\/div>\n\t\t\t\t<div class=\"elementor-element elementor-element-6de7ab4 elementor-widget elementor-widget-image\" data-id=\"6de7ab4\" data-element_type=\"widget\" data-widget_type=\"image.default\">\n\t\t\t\t\t\t\t\t\t\t\t\t\t\t\t<img loading=\"lazy\" decoding=\"async\" width=\"300\" height=\"141\" src=\"https:\/\/golfvalmorin.com\/wp-content\/uploads\/2026\/02\/groupe-gestion-de-fortune-dominique-richer.jpg\" class=\"attachment-large size-large wp-image-6698\" alt=\"\" title=\"\">\t\t\t\t\t\t\t\t\t\t\t\t\t\t\t<\/div>\n\t\t\t\t<\/div>\n\t\t<div class=\"elementor-element elementor-element-8463347 e-con-full e-flex e-con e-child\" data-id=\"8463347\" data-element_type=\"container\">\n\t\t\t\t<div class=\"elementor-element elementor-element-18c0458 elementor-widget elementor-widget-image\" data-id=\"18c0458\" data-element_type=\"widget\" data-widget_type=\"image.default\">\n\t\t\t\t\t\t\t\t\t\t\t\t\t\t\t<img loading=\"lazy\" decoding=\"async\" width=\"500\" height=\"103\" src=\"https:\/\/golfvalmorin.com\/wp-content\/uploads\/2026\/02\/logo-ia-groupe-financiers.jpg\" class=\"attachment-large size-large wp-image-6699\" alt=\"\" srcset=\"https:\/\/golfvalmorin.com\/wp-content\/uploads\/2026\/02\/logo-ia-groupe-financiers.jpg 500w, https:\/\/golfvalmorin.com\/wp-content\/uploads\/2026\/02\/logo-ia-groupe-financiers-300x62.jpg 300w\" sizes=\"auto, (max-width: 500px) 100vw, 500px\" title=\"\">\t\t\t\t\t\t\t\t\t\t\t\t\t\t\t<\/div>\n\t\t\t\t<div class=\"elementor-element elementor-element-f78d1b7 elementor-widget elementor-widget-image\" data-id=\"f78d1b7\" data-element_type=\"widget\" data-widget_type=\"image.default\">\n\t\t\t\t\t\t\t\t\t\t\t\t\t\t\t<img loading=\"lazy\" decoding=\"async\" width=\"369\" height=\"150\" src=\"https:\/\/golfvalmorin.com\/wp-content\/uploads\/2026\/02\/logo_dunton_rainville.jpg\" class=\"attachment-large size-large wp-image-6700\" alt=\"\" srcset=\"https:\/\/golfvalmorin.com\/wp-content\/uploads\/2026\/02\/logo_dunton_rainville.jpg 369w, https:\/\/golfvalmorin.com\/wp-content\/uploads\/2026\/02\/logo_dunton_rainville-300x122.jpg 300w\" sizes=\"auto, (max-width: 369px) 100vw, 369px\" title=\"\">\t\t\t\t\t\t\t\t\t\t\t\t\t\t\t<\/div>\n\t\t\t\t<\/div>\n\t\t\t\t<\/div>\n\t\t\t\t\t<\/div>\n\t\t\t\t<\/div>\n\t\t<div class=\"elementor-element elementor-element-790f7fb e-flex e-con-boxed e-con e-parent\" data-id=\"790f7fb\" data-element_type=\"container\" data-settings=\"{&quot;background_background&quot;:&quot;classic&quot;}\">\n\t\t\t\t\t<div class=\"e-con-inner\">\n\t\t<div class=\"elementor-element elementor-element-6f1b35d e-con-full e-flex e-con e-child\" data-id=\"6f1b35d\" data-element_type=\"container\">\n\t\t\t\t<div class=\"elementor-element elementor-element-8573202 dm-heading2 elementor-widget-mobile_extra__width-inherit elementor-widget__width-initial elementor-widget elementor-widget-heading\" data-id=\"8573202\" data-element_type=\"widget\" data-widget_type=\"heading.default\">\n\t\t\t\t\t<h2 class=\"elementor-heading-title elementor-size-default\">Become a <i>partner <\/i><\/h2>\t\t\t\t<\/div>\n\t\t\t\t<\/div>\n\t\t<div class=\"elementor-element elementor-element-9ce8fac e-con-full e-flex e-con e-child\" data-id=\"9ce8fac\" data-element_type=\"container\">\n\t\t\t\t<div class=\"elementor-element elementor-element-f1c477a elementor-widget elementor-widget-text-editor\" data-id=\"f1c477a\" data-element_type=\"widget\" data-widget_type=\"text-editor.default\">\n\t\t\t\t\t\t\t\t\t<div class=\"wpb_text_column wpb_content_element\"><div class=\"wpb_wrapper\"><p><strong>VISIBILITY AND POTENTIAL <\/strong><\/p><ul><li>28,000 rounds of golf played annually<\/li><li>25,000 visits to our website<\/li><li>15 outdoor tournaments with 144 players<\/li><li>20 mini-tournaments with 40+ players\u00a0<\/li><\/ul><\/div><\/div>\t\t\t\t\t\t\t\t<\/div>\n\t\t\t\t<\/div>\n\t\t\t\t\t<\/div>\n\t\t\t\t<\/div>\n\t\t<div class=\"elementor-element elementor-element-cc40e62 elementor-hidden-widescreen elementor-hidden-desktop elementor-hidden-laptop elementor-hidden-tablet_extra elementor-hidden-tablet elementor-hidden-mobile_extra elementor-hidden-mobile e-flex e-con-boxed e-con e-parent\" data-id=\"cc40e62\" data-element_type=\"container\" data-settings=\"{&quot;background_background&quot;:&quot;classic&quot;}\">\n\t\t\t\t\t<div class=\"e-con-inner\">\n\t\t<div class=\"elementor-element elementor-element-be7a635 e-con-full e-flex e-con e-child\" data-id=\"be7a635\" data-element_type=\"container\" data-settings=\"{&quot;sticky&quot;:&quot;top&quot;,&quot;sticky_on&quot;:[&quot;widescreen&quot;,&quot;desktop&quot;,&quot;laptop&quot;,&quot;tablet_extra&quot;,&quot;tablet&quot;],&quot;sticky_offset&quot;:185,&quot;sticky_parent&quot;:&quot;yes&quot;,&quot;sticky_effects_offset&quot;:0,&quot;sticky_anchor_link_offset&quot;:0}\">\n\t\t\t\t<div class=\"elementor-element elementor-element-61b658e dm-heading2 elementor-widget-mobile_extra__width-inherit elementor-widget__width-initial elementor-widget elementor-widget-heading\" data-id=\"61b658e\" data-element_type=\"widget\" data-widget_type=\"heading.default\">\n\t\t\t\t\t<h2 class=\"elementor-heading-title elementor-size-default\">Plan commandite <i><br><span style=\"color: #808080\">partenaire Platine<\/i><\/h2>\t\t\t\t<\/div>\n\t\t\t\t<div class=\"elementor-element elementor-element-e58e12b elementor-widget elementor-widget-heading\" data-id=\"e58e12b\" data-element_type=\"widget\" data-widget_type=\"heading.default\">\n\t\t\t\t\t<h2 class=\"elementor-heading-title elementor-size-default\">4000$<\/h2>\t\t\t\t<\/div>\n\t\t\t\t<\/div>\n\t\t<div class=\"elementor-element elementor-element-3ad4526 e-con-full e-flex e-con e-child\" data-id=\"3ad4526\" data-element_type=\"container\">\n\t\t\t\t<div class=\"elementor-element elementor-element-75da8d2 elementor-widget elementor-widget-text-editor\" data-id=\"75da8d2\" data-element_type=\"widget\" data-widget_type=\"text-editor.default\">\n\t\t\t\t\t\t\t\t\t<div class=\"wpb_text_column wpb_content_element\"><div class=\"wpb_wrapper\"><div class=\"wpb_text_column wpb_content_element\"><div class=\"wpb_wrapper\"><div class=\"wpb_text_column wpb_content_element\"><div class=\"wpb_wrapper\"><ul><li>Logo sur un trou<\/li><li>Logo sur affiche des partenaires \u00e0 l\u2019entr\u00e9e du club<\/li><li>Logo sur carte de pointage<\/li><li>1 cart \u00e0 l\u2019effigie de la cie<\/li><li>Publicit\u00e9 sur les t\u00e9l\u00e9visions<\/li><li>Mention partenaire sur notre site web<\/li><li>Rabais en boutique<\/li><li>V\u00eatements corporatif du club<\/li><li>Recevez 20 parties avec voiturette sans restriction en adh\u00e9rant au forfait<\/li><\/ul><\/div><\/div><\/div><\/div><\/div><\/div>\t\t\t\t\t\t\t\t<\/div>\n\t\t\t\t<div class=\"elementor-element elementor-element-cc08fe8 elementor-widget elementor-widget-image\" data-id=\"cc08fe8\" data-element_type=\"widget\" data-widget_type=\"image.default\">\n\t\t\t\t\t\t\t\t\t\t\t\t\t\t\t<img loading=\"lazy\" decoding=\"async\" width=\"600\" height=\"333\" src=\"https:\/\/golfvalmorin.com\/wp-content\/uploads\/2026\/02\/platine-1.jpg\" class=\"attachment-large size-large wp-image-6701\" alt=\"\" srcset=\"https:\/\/golfvalmorin.com\/wp-content\/uploads\/2026\/02\/platine-1.jpg 600w, https:\/\/golfvalmorin.com\/wp-content\/uploads\/2026\/02\/platine-1-300x167.jpg 300w\" sizes=\"auto, (max-width: 600px) 100vw, 600px\" title=\"\">\t\t\t\t\t\t\t\t\t\t\t\t\t\t\t<\/div>\n\t\t\t\t<\/div>\n\t\t\t\t\t<\/div>\n\t\t\t\t<\/div>\n\t\t<div class=\"elementor-element elementor-element-3eca6d6 elementor-hidden-widescreen elementor-hidden-desktop elementor-hidden-laptop elementor-hidden-tablet_extra elementor-hidden-tablet elementor-hidden-mobile_extra elementor-hidden-mobile e-flex e-con-boxed e-con e-parent\" data-id=\"3eca6d6\" data-element_type=\"container\" data-settings=\"{&quot;background_background&quot;:&quot;classic&quot;}\">\n\t\t\t\t\t<div class=\"e-con-inner\">\n\t\t<div class=\"elementor-element elementor-element-bb94889 e-con-full e-flex e-con e-child\" data-id=\"bb94889\" data-element_type=\"container\">\n\t\t\t\t<div class=\"elementor-element elementor-element-3d817bb elementor-widget elementor-widget-text-editor\" data-id=\"3d817bb\" data-element_type=\"widget\" data-widget_type=\"text-editor.default\">\n\t\t\t\t\t\t\t\t\t<div class=\"wpb_text_column wpb_content_element vc_custom_1669792411028\"><div class=\"wpb_wrapper\"><ul><li>Logo sur un trou<\/li><li>Logo sur affiche des partenaires \u00e0 l\u2019entr\u00e9e du club<\/li><li>Mention partenaire sur notre site web<\/li><li>Publicit\u00e9 sur les t\u00e9l\u00e9viseurs du club<\/li><li>Rabais en boutique<\/li><li>Cadeau corporatif<\/li><li>Recevez 15 parties avec voiturette sans restriction en adh\u00e9rant au forfait<\/li><\/ul><\/div><\/div>\t\t\t\t\t\t\t\t<\/div>\n\t\t\t\t<div class=\"elementor-element elementor-element-b1e85f1 elementor-widget elementor-widget-image\" data-id=\"b1e85f1\" data-element_type=\"widget\" data-widget_type=\"image.default\">\n\t\t\t\t\t\t\t\t\t\t\t\t\t\t\t<img loading=\"lazy\" decoding=\"async\" width=\"600\" height=\"333\" src=\"https:\/\/golfvalmorin.com\/wp-content\/uploads\/2026\/02\/or-1.png\" class=\"attachment-large size-large wp-image-6702\" alt=\"\" srcset=\"https:\/\/golfvalmorin.com\/wp-content\/uploads\/2026\/02\/or-1.png 600w, https:\/\/golfvalmorin.com\/wp-content\/uploads\/2026\/02\/or-1-300x167.png 300w\" sizes=\"auto, (max-width: 600px) 100vw, 600px\" title=\"\">\t\t\t\t\t\t\t\t\t\t\t\t\t\t\t<\/div>\n\t\t\t\t<\/div>\n\t\t<div class=\"elementor-element elementor-element-83f6dc1 e-con-full e-flex e-con e-child\" data-id=\"83f6dc1\" data-element_type=\"container\" data-settings=\"{&quot;sticky&quot;:&quot;top&quot;,&quot;sticky_on&quot;:[&quot;widescreen&quot;,&quot;desktop&quot;,&quot;laptop&quot;,&quot;tablet_extra&quot;,&quot;tablet&quot;],&quot;sticky_offset&quot;:185,&quot;sticky_parent&quot;:&quot;yes&quot;,&quot;sticky_effects_offset&quot;:0,&quot;sticky_anchor_link_offset&quot;:0}\">\n\t\t\t\t<div class=\"elementor-element elementor-element-9445aa8 dm-heading2 elementor-widget-mobile_extra__width-inherit elementor-widget__width-inherit elementor-widget elementor-widget-heading\" data-id=\"9445aa8\" data-element_type=\"widget\" data-widget_type=\"heading.default\">\n\t\t\t\t\t<h2 class=\"elementor-heading-title elementor-size-default\">Plan commandite <i><br><span style=\"color: #d69224\">partenaire Or<\/i><\/h2>\t\t\t\t<\/div>\n\t\t\t\t<div class=\"elementor-element elementor-element-dac87a3 elementor-widget elementor-widget-heading\" data-id=\"dac87a3\" data-element_type=\"widget\" data-widget_type=\"heading.default\">\n\t\t\t\t\t<h2 class=\"elementor-heading-title elementor-size-default\">3000$<\/h2>\t\t\t\t<\/div>\n\t\t\t\t<\/div>\n\t\t\t\t\t<\/div>\n\t\t\t\t<\/div>\n\t\t<div class=\"elementor-element elementor-element-7a29a87 elementor-hidden-widescreen elementor-hidden-desktop elementor-hidden-laptop elementor-hidden-tablet_extra elementor-hidden-tablet elementor-hidden-mobile_extra elementor-hidden-mobile e-flex e-con-boxed e-con e-parent\" data-id=\"7a29a87\" data-element_type=\"container\" data-settings=\"{&quot;background_background&quot;:&quot;classic&quot;}\">\n\t\t\t\t\t<div class=\"e-con-inner\">\n\t\t<div class=\"elementor-element elementor-element-a189ad1 e-con-full e-flex e-con e-child\" data-id=\"a189ad1\" data-element_type=\"container\" data-settings=\"{&quot;sticky&quot;:&quot;top&quot;,&quot;sticky_on&quot;:[&quot;widescreen&quot;,&quot;desktop&quot;,&quot;laptop&quot;,&quot;tablet_extra&quot;,&quot;tablet&quot;],&quot;sticky_offset&quot;:185,&quot;sticky_parent&quot;:&quot;yes&quot;,&quot;sticky_effects_offset&quot;:0,&quot;sticky_anchor_link_offset&quot;:0}\">\n\t\t\t\t<div class=\"elementor-element elementor-element-61fa98b dm-heading2 elementor-widget-mobile_extra__width-inherit elementor-widget__width-initial elementor-widget elementor-widget-heading\" data-id=\"61fa98b\" data-element_type=\"widget\" data-widget_type=\"heading.default\">\n\t\t\t\t\t<h2 class=\"elementor-heading-title elementor-size-default\">Plan commandite <i><br><span style=\"color: #999999\">partenaire Argent<\/i><\/h2>\t\t\t\t<\/div>\n\t\t\t\t<div class=\"elementor-element elementor-element-0bb6fd4 elementor-widget elementor-widget-heading\" data-id=\"0bb6fd4\" data-element_type=\"widget\" data-widget_type=\"heading.default\">\n\t\t\t\t\t<h2 class=\"elementor-heading-title elementor-size-default\">2500$<\/h2>\t\t\t\t<\/div>\n\t\t\t\t<\/div>\n\t\t<div class=\"elementor-element elementor-element-046f0d1 e-con-full e-flex e-con e-child\" data-id=\"046f0d1\" data-element_type=\"container\">\n\t\t\t\t<div class=\"elementor-element elementor-element-411525f elementor-widget elementor-widget-text-editor\" data-id=\"411525f\" data-element_type=\"widget\" data-widget_type=\"text-editor.default\">\n\t\t\t\t\t\t\t\t\t<div class=\"wpb_text_column wpb_content_element vc_custom_1618340018635\"><div class=\"wpb_wrapper\"><ul><li>Logo sur un trou<\/li><li>Logo sur affiche des partenaires \u00e0 l\u2019entr\u00e9e du club<\/li><li>Publicit\u00e9 sur les t\u00e9l\u00e9viseurs du club<\/li><li>Mention partenaire sur notre site web<\/li><li>Cadeau corporatif<\/li><li>Recevez 10 parties avec voiturette sans restriction en adh\u00e9rant au forfait<\/li><\/ul><\/div><\/div>\t\t\t\t\t\t\t\t<\/div>\n\t\t\t\t<div class=\"elementor-element elementor-element-affb833 elementor-widget elementor-widget-image\" data-id=\"affb833\" data-element_type=\"widget\" data-widget_type=\"image.default\">\n\t\t\t\t\t\t\t\t\t\t\t\t\t\t\t<img loading=\"lazy\" decoding=\"async\" width=\"600\" height=\"333\" src=\"https:\/\/golfvalmorin.com\/wp-content\/uploads\/2026\/02\/argent-1.jpg\" class=\"attachment-large size-large wp-image-6703\" alt=\"\" srcset=\"https:\/\/golfvalmorin.com\/wp-content\/uploads\/2026\/02\/argent-1.jpg 600w, https:\/\/golfvalmorin.com\/wp-content\/uploads\/2026\/02\/argent-1-300x167.jpg 300w\" sizes=\"auto, (max-width: 600px) 100vw, 600px\" title=\"\">\t\t\t\t\t\t\t\t\t\t\t\t\t\t\t<\/div>\n\t\t\t\t<\/div>\n\t\t\t\t\t<\/div>\n\t\t\t\t<\/div>\n\t\t<div class=\"elementor-element elementor-element-b5e6475 e-con-full e-flex e-con e-parent\" data-id=\"b5e6475\" data-element_type=\"container\">\n\t\t<div class=\"elementor-element elementor-element-8e0ef85 e-con-full e-flex e-con e-child\" data-id=\"8e0ef85\" data-element_type=\"container\" data-settings=\"{&quot;background_background&quot;:&quot;classic&quot;}\">\n\t\t\t\t<\/div>\n\t\t<div class=\"elementor-element elementor-element-4f1cb7d e-con-full e-flex e-con e-child\" data-id=\"4f1cb7d\" data-element_type=\"container\" data-settings=\"{&quot;background_background&quot;:&quot;classic&quot;}\">\n\t\t\t\t<div class=\"elementor-element elementor-element-3629259 elementor-widget__width-initial dm-single-heading-2 elementor-widget elementor-widget-heading\" data-id=\"3629259\" data-element_type=\"widget\" data-widget_type=\"heading.default\">\n\t\t\t\t\t<h2 class=\"elementor-heading-title elementor-size-default\">For more <i>informations<\/i><\/h2>\t\t\t\t<\/div>\n\t\t\t\t<div class=\"elementor-element elementor-element-d307555 dm-single-heading-2 elementor-widget elementor-widget-heading\" data-id=\"d307555\" data-element_type=\"widget\" data-widget_type=\"heading.default\">\n\t\t\t\t\t<h2 class=\"elementor-heading-title elementor-size-default\">contact Martin Bergeron<\/h2>\t\t\t\t<\/div>\n\t\t\t\t<div class=\"elementor-element elementor-element-9f0dfbe elementor-widget elementor-widget-text-editor\" data-id=\"9f0dfbe\" data-element_type=\"widget\" data-widget_type=\"text-editor.default\">\n\t\t\t\t\t\t\t\t\t<p>Phone : <a href=\"tel:8193221501\"><strong>819 322-1501<\/strong><\/a> poste 207<br \/>Email : <a href=\"mailto:m.bergeron@golfvalmorin.com\"><strong>m.bergeron@golfvalmorin.com<\/strong><\/a><\/p>\t\t\t\t\t\t\t\t<\/div>\n\t\t\t\t<\/div>\n\t\t<div class=\"elementor-element elementor-element-542d0de e-con-full e-flex e-con e-child\" data-id=\"542d0de\" data-element_type=\"container\" data-settings=\"{&quot;background_background&quot;:&quot;classic&quot;}\">\n\t\t\t\t<\/div>\n\t\t\t\t<\/div>\n\t\t<div class=\"elementor-element elementor-element-2972e13 e-flex e-con-boxed e-con e-parent\" data-id=\"2972e13\" data-element_type=\"container\">\n\t\t\t\t\t<div class=\"e-con-inner\">\n\t\t\t\t<div class=\"elementor-element elementor-element-779c391 elementor-widget elementor-widget-template\" data-id=\"779c391\" data-element_type=\"widget\" data-widget_type=\"template.default\">\n\t\t\t\t<div class=\"elementor-widget-container\">\n\t\t\t\t\t\t\t<div class=\"elementor-template\">\n\t\t\t\t\t<div data-elementor-type=\"container\" data-elementor-id=\"6721\" class=\"elementor elementor-6721 elementor-542 elementor-542\" data-elementor-post-type=\"elementor_library\">\n\t\t\t\t<div class=\"elementor-element elementor-element-69dff4e1 e-flex e-con-boxed e-con e-parent\" data-id=\"69dff4e1\" data-element_type=\"container\">\n\t\t\t\t\t<div class=\"e-con-inner\">\n\t\t<div class=\"elementor-element elementor-element-30fdba8f e-con-full e-flex e-con e-child\" data-id=\"30fdba8f\" data-element_type=\"container\">\n\t\t\t\t<div class=\"elementor-element elementor-element-6476ca07 elementor-widget__width-initial elementor-widget elementor-widget-text-editor\" data-id=\"6476ca07\" data-element_type=\"widget\" data-widget_type=\"text-editor.default\">\n\t\t\t\t\t\t\t\t\t<p>Have an idea, a question, or a special project in mind?<br \/>Write to us \u2014 we\u2019re here for you.<\/p>\t\t\t\t\t\t\t\t<\/div>\n\t\t\t\t<\/div>\n\t\t<div class=\"elementor-element elementor-element-4bbd7892 e-con-full e-flex e-con e-child\" data-id=\"4bbd7892\" data-element_type=\"container\">\n\t\t\t\t<div class=\"elementor-element elementor-element-2c7c185 elementor-widget elementor-widget-heading\" data-id=\"2c7c185\" data-element_type=\"widget\" data-widget_type=\"heading.default\">\n\t\t\t\t\t<h2 class=\"elementor-heading-title elementor-size-default\"><a href=\"mailto:info@golfvalmorin.com\">info@golfvalmorin.com<\/a><\/h2>\t\t\t\t<\/div>\n\t\t\t\t<\/div>\n\t\t\t\t\t<\/div>\n\t\t\t\t<\/div>\n\t\t\t\t<\/div>\n\t\t\t\t<\/div>\n\t\t\t\t\t\t<\/div>\n\t\t\t\t<\/div>\n\t\t\t\t\t<\/div>\n\t\t\t\t<\/div>\n\t\t\t\t<\/div>\n\t\t","protected":false},"excerpt":{"rendered":"<p>Partners of Val\u2011Morin Golf Club Become a partner VISIBILITY AND POTENTIAL 28,000 rounds of golf played annually 25,000 visits to our website 15 outdoor tournaments with 144 players 20 mini-tournaments with 40+ players Plan commandite partenaire Platine 4000$ Logo sur un trou Logo sur affiche des partenaires \u00e0 l\u2019entr\u00e9e du club Logo sur carte de [&hellip;]<\/p>\n","protected":false},"author":1,"featured_media":0,"parent":0,"menu_order":0,"comment_status":"closed","ping_status":"closed","template":"","meta":{"_acf_changed":false,"footnotes":""},"class_list":["post-6689","page","type-page","status-publish","hentry"],"acf":[],"_links":{"self":[{"href":"https:\/\/golfvalmorin.com\/en\/wp-json\/wp\/v2\/pages\/6689","targetHints":{"allow":["GET"]}}],"collection":[{"href":"https:\/\/golfvalmorin.com\/en\/wp-json\/wp\/v2\/pages"}],"about":[{"href":"https:\/\/golfvalmorin.com\/en\/wp-json\/wp\/v2\/types\/page"}],"author":[{"embeddable":true,"href":"https:\/\/golfvalmorin.com\/en\/wp-json\/wp\/v2\/users\/1"}],"replies":[{"embeddable":true,"href":"https:\/\/golfvalmorin.com\/en\/wp-json\/wp\/v2\/comments?post=6689"}],"version-history":[{"count":11,"href":"https:\/\/golfvalmorin.com\/en\/wp-json\/wp\/v2\/pages\/6689\/revisions"}],"predecessor-version":[{"id":6926,"href":"https:\/\/golfvalmorin.com\/en\/wp-json\/wp\/v2\/pages\/6689\/revisions\/6926"}],"wp:attachment":[{"href":"https:\/\/golfvalmorin.com\/en\/wp-json\/wp\/v2\/media?parent=6689"}],"curies":[{"name":"wp","href":"https:\/\/api.w.org\/{rel}","templated":true}]}}